{"id":8,"date":"2022-08-01T12:10:37","date_gmt":"2022-08-01T10:10:37","guid":{"rendered":"http:\/\/denkmal-berlin.de\/2016\/?page_id=8"},"modified":"2026-01-08T11:02:30","modified_gmt":"2026-01-08T10:02:30","slug":"ueber-jugendforum-denkmal","status":"publish","type":"page","link":"https:\/\/denkmal-berlin.de\/jugendforum\/ueber-jugendforum-denkmal\/","title":{"rendered":"\u00dcber denk!mal"},"content":{"rendered":"<p>Anl\u00e4sslich des Jahrestages der Befreiung des Konzentrations- und Vernichtungslagers Auschwitz am 27. Januar 1945 veranstaltet das Abgeordnetenhaus von Berlin das<strong> Jugendforum denk<em>!mal<\/em><\/strong>.<\/p>\n<p><strong>Die Erinnerung an die Opfer des Nationalsozialismus kann auf vielf\u00e4ltige Art und Weise lebendig gehalten werden \u2013 findet neue Formen des Gedenkens!<\/strong><\/p>\n<p>Eurer Kreativit\u00e4t sind dabei keine Grenzen gesetzt: Entwickelt ein kleines Theaterst\u00fcck, f\u00fchrt ein Zeitzeugeninterview, singt einen Song, schreibt ein Gedicht oder entwerft einen Comic.<\/p>\n<p>Erz\u00e4hlt, singt, malt, wor\u00fcber bisher geschwiegen wurde oder was sonst verloren w\u00e4re! Seid nicht gleichg\u00fcltig gegen\u00fcber den Verbrechen der nationalsozialistischen Gewaltherrschaft, gegen\u00fcber Hass, Gewalt und Ausgrenzung in der Gegenwart! Nutzt eure Kreativit\u00e4t \u2013 f\u00fcr Vielfalt in der Gesellschaft, gegen Diskriminierung, Rechtsextremismus, Unrecht und Rassismus!<\/p>\n<p>Am <strong>Jugendforum denk<i>!mal<\/i> &#8217;26<\/strong> k\u00f6nnen sich Jugendliche und junge Erwachsene bis 25 Jahre einzeln, als Schulklasse oder Gruppe beteiligen und ihre Projekte zur Erinnerung an die Opfer des Nationalsozialismus und ihr Engagement gegen Antisemitismus, Diskriminierung und Gewalt im Rahmen einer <strong>Ausstellung<\/strong> sowie auf der <strong>Webseite<\/strong> des Jugendforums und den <strong>Social-Media-Kan\u00e4len<\/strong> des Abgeordnetenhauses von Berlin vorstellen. Die Ausstellungser\u00f6ffnung wird am 26. Januar 2026 stattfinden.<\/p>\n<p>Wir sind gespannt auf eure Projekte!<\/p>\n<p><strong>Anmeldeschluss<\/strong> ist der <strong>17. November 2025<\/strong>.<\/p>\n<p><strong>Noch Fragen?<\/strong> Dann nehmt gern Kontakt zu uns auf! Das Projektteam beantwortet euch gerne alle Fragen rund um das Jugendforum denk<em>!mal<\/em> &#8217;26.<\/p>\n","protected":false},"excerpt":{"rendered":"<p>Anl\u00e4sslich des Jahrestages der Befreiung des Konzentrations- und Vernichtungslagers Auschwitz am 27. Januar 1945 veranstaltet das Abgeordnetenhaus von<span class=\"excerpt_more\">weiterlesen&#8230;<\/span><\/p>\n","protected":false},"author":7,"featured_media":0,"parent":0,"menu_order":0,"comment_status":"closed","ping_status":"closed","template":"","meta":{"footnotes":""},"class_list":["post-8","page","type-page","status-publish","hentry"],"_links":{"self":[{"href":"https:\/\/denkmal-berlin.de\/jugendforum\/wp-json\/wp\/v2\/pages\/8","targetHints":{"allow":["GET"]}}],"collection":[{"href":"https:\/\/denkmal-berlin.de\/jugendforum\/wp-json\/wp\/v2\/pages"}],"about":[{"href":"https:\/\/denkmal-berlin.de\/jugendforum\/wp-json\/wp\/v2\/types\/page"}],"author":[{"embeddable":true,"href":"https:\/\/denkmal-berlin.de\/jugendforum\/wp-json\/wp\/v2\/users\/7"}],"replies":[{"embeddable":true,"href":"https:\/\/denkmal-berlin.de\/jugendforum\/wp-json\/wp\/v2\/comments?post=8"}],"version-history":[{"count":2,"href":"https:\/\/denkmal-berlin.de\/jugendforum\/wp-json\/wp\/v2\/pages\/8\/revisions"}],"predecessor-version":[{"id":5267,"href":"https:\/\/denkmal-berlin.de\/jugendforum\/wp-json\/wp\/v2\/pages\/8\/revisions\/5267"}],"wp:attachment":[{"href":"https:\/\/denkmal-berlin.de\/jugendforum\/wp-json\/wp\/v2\/media?parent=8"}],"curies":[{"name":"wp","href":"https:\/\/api.w.org\/{rel}","templated":true}]}}